{"id":10,"date":"2025-03-24T00:57:47","date_gmt":"2025-03-24T00:57:47","guid":{"rendered":"https:\/\/hontoryu.hu\/?page_id=10"},"modified":"2026-03-31T23:19:02","modified_gmt":"2026-03-31T21:19:02","slug":"kapcsolat","status":"publish","type":"page","link":"https:\/\/hontoryu.hu\/index.php\/kapcsolat\/","title":{"rendered":"Kapcsolat"},"content":{"rendered":"\n<div class=\"mainframe\">\n<h2>El\u00e9rhet\u0151s\u00e9gek<\/h2>\n<div class=\"gridBox\"><div class=\"rowdivitem\">Telefonsz\u00e1m:<\/div><a class=\"rowdivitem\" href=\"tel:+36205631883\">+36-20\/563-1883<\/a>\n<div class=\"rowdivitem\">E-mail:<\/div><a class=\"rowdivitem\" href=\"mailto:karate.hontoryu@gmail.com\">karate.hontoryu@gmail.com<\/a>\n<div class=\"rowdivitem\">C\u00edm:<\/div><div class=\"rowdivitem\">1162 Budapest, J\u00e1vorfa utca 27.<\/div>\n<div class=\"rowdivitem\">Ad\u00f3sz\u00e1m:<\/div><div class=\"rowdivitem\">18072866-1-42<\/div>\n<div class=\"rowdivitem\">Bank neve:<\/div><div class=\"rowdivitem\">OTP Bank<\/div>\n<div class=\"rowdivitem\">Banksz\u00e1mlasz\u00e1m:<\/div><div class=\"rowdivitem\">IBAN HU94 1171 6008 2253 6233 0000 0000<\/div>\n<\/div>\n<div style=\"width: 100%\"><iframe loading=\"lazy\" width=\"100%\" height=\"600\" frameborder=\"0\" scrolling=\"no\" marginheight=\"0\" marginwidth=\"0\" src=\"https:\/\/maps.google.com\/maps?width=100%25&amp;height=600&amp;hl=en&amp;q=Budapest,%20J%C3%A1vorfa%20utca%2027.+(My%20Business%20Name)&amp;t=&amp;z=16&amp;ie=UTF8&amp;iwloc=B&amp;output=embed\"><a href=\"https:\/\/www.mapsdirections.info\/calcular-la-poblaci\u00f3n-en-un-mapa\">Mapa de poblaci\u00f3n<\/a><\/iframe><\/div>\n<\/div>\n<\/div>\n\n\n\n<p><\/p>\n","protected":false},"excerpt":{"rendered":"<p>El\u00e9rhet\u0151s\u00e9gek Telefonsz\u00e1m: +36-20\/563-1883 E-mail: karate.hontoryu@gmail.com C\u00edm: 1162 Budapest, J\u00e1vorfa utca 27. Ad\u00f3sz\u00e1m: 18072866-1-42 Bank neve: OTP Bank Banksz\u00e1mlasz\u00e1m: IBAN HU94 1171 6008 2253 6233 0000 0000 Mapa de poblaci\u00f3n<\/p>\n","protected":false},"author":1,"featured_media":0,"parent":0,"menu_order":4,"comment_status":"closed","ping_status":"closed","template":"","meta":{"footnotes":""},"class_list":["post-10","page","type-page","status-publish","hentry"],"_links":{"self":[{"href":"https:\/\/hontoryu.hu\/index.php\/wp-json\/wp\/v2\/pages\/10","targetHints":{"allow":["GET"]}}],"collection":[{"href":"https:\/\/hontoryu.hu\/index.php\/wp-json\/wp\/v2\/pages"}],"about":[{"href":"https:\/\/hontoryu.hu\/index.php\/wp-json\/wp\/v2\/types\/page"}],"author":[{"embeddable":true,"href":"https:\/\/hontoryu.hu\/index.php\/wp-json\/wp\/v2\/users\/1"}],"replies":[{"embeddable":true,"href":"https:\/\/hontoryu.hu\/index.php\/wp-json\/wp\/v2\/comments?post=10"}],"version-history":[{"count":21,"href":"https:\/\/hontoryu.hu\/index.php\/wp-json\/wp\/v2\/pages\/10\/revisions"}],"predecessor-version":[{"id":263,"href":"https:\/\/hontoryu.hu\/index.php\/wp-json\/wp\/v2\/pages\/10\/revisions\/263"}],"wp:attachment":[{"href":"https:\/\/hontoryu.hu\/index.php\/wp-json\/wp\/v2\/media?parent=10"}],"curies":[{"name":"wp","href":"https:\/\/api.w.org\/{rel}","templated":true}]}}