{"id":162,"date":"2025-06-24T14:36:00","date_gmt":"2025-06-24T12:36:00","guid":{"rendered":"https:\/\/hontoryu.hu\/?page_id=162"},"modified":"2025-08-13T10:06:27","modified_gmt":"2025-08-13T08:06:27","slug":"galeria","status":"publish","type":"page","link":"https:\/\/hontoryu.hu\/index.php\/galeria\/","title":{"rendered":"Gal\u00e9ria"},"content":{"rendered":"\n<figure class=\"wp-block-gallery has-nested-images columns-default is-cropped wp-block-gallery-1 is-layout-flex wp-block-gallery-is-layout-flex\">\n<figure class=\"wp-block-image size-large\"><img loading=\"lazy\" decoding=\"async\" width=\"1024\" height=\"718\" data-id=\"163\" src=\"https:\/\/hontoryu.hu\/wp-content\/uploads\/2025\/06\/76176964_205573523795370_5712176056933285888_n-1-1024x718.jpg\" alt=\"\" class=\"wp-image-163\" srcset=\"https:\/\/hontoryu.hu\/wp-content\/uploads\/2025\/06\/76176964_205573523795370_5712176056933285888_n-1-1024x718.jpg 1024w, https:\/\/hontoryu.hu\/wp-content\/uploads\/2025\/06\/76176964_205573523795370_5712176056933285888_n-1-300x210.jpg 300w, https:\/\/hontoryu.hu\/wp-content\/uploads\/2025\/06\/76176964_205573523795370_5712176056933285888_n-1-768x538.jpg 768w, https:\/\/hontoryu.hu\/wp-content\/uploads\/2025\/06\/76176964_205573523795370_5712176056933285888_n-1-1536x1077.jpg 1536w, https:\/\/hontoryu.hu\/wp-content\/uploads\/2025\/06\/76176964_205573523795370_5712176056933285888_n-1.jpg 1773w\" sizes=\"auto, (max-width: 1024px) 100vw, 1024px\" \/><figcaption class=\"wp-element-caption\">Osaka 1998 &#8211; Miran Buda sensei jobbr\u00f3l m\u00e1sodik<\/figcaption><\/figure>\n\n\n\n<figure class=\"wp-block-image size-large\"><img loading=\"lazy\" decoding=\"async\" width=\"685\" height=\"510\" data-id=\"169\" src=\"https:\/\/hontoryu.hu\/wp-content\/uploads\/2025\/06\/465686323_9092803507411175_6433153698803480357_n.jpg\" alt=\"\" class=\"wp-image-169\" srcset=\"https:\/\/hontoryu.hu\/wp-content\/uploads\/2025\/06\/465686323_9092803507411175_6433153698803480357_n.jpg 685w, https:\/\/hontoryu.hu\/wp-content\/uploads\/2025\/06\/465686323_9092803507411175_6433153698803480357_n-300x223.jpg 300w\" sizes=\"auto, (max-width: 685px) 100vw, 685px\" \/><figcaption class=\"wp-element-caption\">Edz\u0151t\u00e1bor &#8211; Alap\u00edt\u00f3nk, Miran Buda sensei bemutatja a technik\u00e1kat<\/figcaption><\/figure>\n\n\n\n<figure class=\"wp-block-image size-large\"><img loading=\"lazy\" decoding=\"async\" width=\"960\" height=\"640\" data-id=\"172\" src=\"https:\/\/hontoryu.hu\/wp-content\/uploads\/2025\/06\/464414188_8680655428649054_213244940874494933_n.jpg\" alt=\"\" class=\"wp-image-172\" srcset=\"https:\/\/hontoryu.hu\/wp-content\/uploads\/2025\/06\/464414188_8680655428649054_213244940874494933_n.jpg 960w, https:\/\/hontoryu.hu\/wp-content\/uploads\/2025\/06\/464414188_8680655428649054_213244940874494933_n-300x200.jpg 300w, https:\/\/hontoryu.hu\/wp-content\/uploads\/2025\/06\/464414188_8680655428649054_213244940874494933_n-768x512.jpg 768w\" sizes=\"auto, (max-width: 960px) 100vw, 960px\" \/><figcaption class=\"wp-element-caption\">Miran Buda sensei \u00e9s Hars\u00e1nyi L\u00e1szl\u00f3 sensei<\/figcaption><\/figure>\n\n\n\n<figure class=\"wp-block-image size-large\"><img loading=\"lazy\" decoding=\"async\" width=\"1612\" height=\"963\" data-id=\"242\" src=\"https:\/\/hontoryu.hu\/wp-content\/uploads\/2025\/08\/2025-08-12_135758-1.jpg\" alt=\"\" class=\"wp-image-242\" srcset=\"https:\/\/hontoryu.hu\/wp-content\/uploads\/2025\/08\/2025-08-12_135758-1.jpg 1612w, https:\/\/hontoryu.hu\/wp-content\/uploads\/2025\/08\/2025-08-12_135758-1-768x459.jpg 768w, https:\/\/hontoryu.hu\/wp-content\/uploads\/2025\/08\/2025-08-12_135758-1-1536x918.jpg 1536w\" sizes=\"auto, (max-width: 1612px) 100vw, 1612px\" \/><figcaption class=\"wp-element-caption\">1972 Sanica, Jugoszl\u00e1via &#8211; Alap\u00edt\u00f3nk kezd\u0151 edz\u00e9sei a Karate megjelen\u00e9sekor Eur\u00f3p\u00e1ban<\/figcaption><\/figure>\n\n\n\n<figure class=\"wp-block-image size-large\"><img loading=\"lazy\" decoding=\"async\" width=\"267\" height=\"400\" data-id=\"243\" src=\"https:\/\/hontoryu.hu\/wp-content\/uploads\/2025\/08\/76730648_2894387887262496_2283120965770543104_n.jpg\" alt=\"\" class=\"wp-image-243\"\/><\/figure>\n\n\n\n<figure class=\"wp-block-image size-large\"><img loading=\"lazy\" decoding=\"async\" width=\"1440\" height=\"1920\" data-id=\"245\" src=\"https:\/\/hontoryu.hu\/wp-content\/uploads\/2025\/08\/75496038_2894856150539306_8517041532333719552_n-1.jpg\" alt=\"\" class=\"wp-image-245\" srcset=\"https:\/\/hontoryu.hu\/wp-content\/uploads\/2025\/08\/75496038_2894856150539306_8517041532333719552_n-1.jpg 1440w, https:\/\/hontoryu.hu\/wp-content\/uploads\/2025\/08\/75496038_2894856150539306_8517041532333719552_n-1-810x1080.jpg 810w, https:\/\/hontoryu.hu\/wp-content\/uploads\/2025\/08\/75496038_2894856150539306_8517041532333719552_n-1-768x1024.jpg 768w, https:\/\/hontoryu.hu\/wp-content\/uploads\/2025\/08\/75496038_2894856150539306_8517041532333719552_n-1-1152x1536.jpg 1152w\" sizes=\"auto, (max-width: 1440px) 100vw, 1440px\" \/><\/figure>\n\n\n\n<figure class=\"wp-block-image size-large\"><img loading=\"lazy\" decoding=\"async\" width=\"464\" height=\"618\" data-id=\"246\" src=\"https:\/\/hontoryu.hu\/wp-content\/uploads\/2025\/08\/465448324_10235235561658407_703781816566311119_n.jpg\" alt=\"\" class=\"wp-image-246\"\/><\/figure>\n\n\n\n<figure class=\"wp-block-image size-large\"><img loading=\"lazy\" decoding=\"async\" width=\"2048\" height=\"1536\" data-id=\"248\" src=\"https:\/\/hontoryu.hu\/wp-content\/uploads\/2025\/08\/464107935_8675847482463182_7294229938206331471_n.jpg\" alt=\"\" class=\"wp-image-248\" srcset=\"https:\/\/hontoryu.hu\/wp-content\/uploads\/2025\/08\/464107935_8675847482463182_7294229938206331471_n.jpg 2048w, https:\/\/hontoryu.hu\/wp-content\/uploads\/2025\/08\/464107935_8675847482463182_7294229938206331471_n-1440x1080.jpg 1440w, https:\/\/hontoryu.hu\/wp-content\/uploads\/2025\/08\/464107935_8675847482463182_7294229938206331471_n-768x576.jpg 768w, https:\/\/hontoryu.hu\/wp-content\/uploads\/2025\/08\/464107935_8675847482463182_7294229938206331471_n-1536x1152.jpg 1536w, https:\/\/hontoryu.hu\/wp-content\/uploads\/2025\/08\/464107935_8675847482463182_7294229938206331471_n-1280x960.jpg 1280w\" sizes=\"auto, (max-width: 2048px) 100vw, 2048px\" \/><\/figure>\n\n\n\n<figure class=\"wp-block-image size-large\"><img loading=\"lazy\" decoding=\"async\" width=\"1080\" height=\"1080\" data-id=\"249\" src=\"https:\/\/hontoryu.hu\/wp-content\/uploads\/2025\/08\/467988334_10161108137607839_4227770783373977903_n.jpg\" alt=\"\" class=\"wp-image-249\" srcset=\"https:\/\/hontoryu.hu\/wp-content\/uploads\/2025\/08\/467988334_10161108137607839_4227770783373977903_n.jpg 1080w, https:\/\/hontoryu.hu\/wp-content\/uploads\/2025\/08\/467988334_10161108137607839_4227770783373977903_n-600x600.jpg 600w, https:\/\/hontoryu.hu\/wp-content\/uploads\/2025\/08\/467988334_10161108137607839_4227770783373977903_n-768x768.jpg 768w\" sizes=\"auto, (max-width: 1080px) 100vw, 1080px\" \/><\/figure>\n\n\n\n<figure class=\"wp-block-image size-large\"><img loading=\"lazy\" decoding=\"async\" width=\"2048\" height=\"1536\" data-id=\"250\" src=\"https:\/\/hontoryu.hu\/wp-content\/uploads\/2025\/08\/464149182_8675847492463181_8063774339679805703_n.jpg\" alt=\"\" class=\"wp-image-250\" srcset=\"https:\/\/hontoryu.hu\/wp-content\/uploads\/2025\/08\/464149182_8675847492463181_8063774339679805703_n.jpg 2048w, https:\/\/hontoryu.hu\/wp-content\/uploads\/2025\/08\/464149182_8675847492463181_8063774339679805703_n-1440x1080.jpg 1440w, https:\/\/hontoryu.hu\/wp-content\/uploads\/2025\/08\/464149182_8675847492463181_8063774339679805703_n-768x576.jpg 768w, https:\/\/hontoryu.hu\/wp-content\/uploads\/2025\/08\/464149182_8675847492463181_8063774339679805703_n-1536x1152.jpg 1536w, https:\/\/hontoryu.hu\/wp-content\/uploads\/2025\/08\/464149182_8675847492463181_8063774339679805703_n-1280x960.jpg 1280w\" sizes=\"auto, (max-width: 2048px) 100vw, 2048px\" \/><\/figure>\n<\/figure>\n\n\n\n<h1 class=\"wp-block-heading\">Velencei edz\u0151t\u00e1bor 2025<\/h1>\n\n\n\n<figure class=\"wp-block-gallery has-nested-images columns-default is-cropped wp-block-gallery-2 is-layout-flex wp-block-gallery-is-layout-flex\"><\/figure>\n","protected":false},"excerpt":{"rendered":"<p>Velencei edz\u0151t\u00e1bor 2025<\/p>\n","protected":false},"author":1,"featured_media":243,"parent":0,"menu_order":0,"comment_status":"closed","ping_status":"closed","template":"","meta":{"footnotes":""},"class_list":["post-162","page","type-page","status-publish","has-post-thumbnail","hentry"],"_links":{"self":[{"href":"https:\/\/hontoryu.hu\/index.php\/wp-json\/wp\/v2\/pages\/162","targetHints":{"allow":["GET"]}}],"collection":[{"href":"https:\/\/hontoryu.hu\/index.php\/wp-json\/wp\/v2\/pages"}],"about":[{"href":"https:\/\/hontoryu.hu\/index.php\/wp-json\/wp\/v2\/types\/page"}],"author":[{"embeddable":true,"href":"https:\/\/hontoryu.hu\/index.php\/wp-json\/wp\/v2\/users\/1"}],"replies":[{"embeddable":true,"href":"https:\/\/hontoryu.hu\/index.php\/wp-json\/wp\/v2\/comments?post=162"}],"version-history":[{"count":12,"href":"https:\/\/hontoryu.hu\/index.php\/wp-json\/wp\/v2\/pages\/162\/revisions"}],"predecessor-version":[{"id":254,"href":"https:\/\/hontoryu.hu\/index.php\/wp-json\/wp\/v2\/pages\/162\/revisions\/254"}],"wp:featuredmedia":[{"embeddable":true,"href":"https:\/\/hontoryu.hu\/index.php\/wp-json\/wp\/v2\/media\/243"}],"wp:attachment":[{"href":"https:\/\/hontoryu.hu\/index.php\/wp-json\/wp\/v2\/media?parent=162"}],"curies":[{"name":"wp","href":"https:\/\/api.w.org\/{rel}","templated":true}]}}