{"id":171,"date":"2025-06-24T15:36:42","date_gmt":"2025-06-24T13:36:42","guid":{"rendered":"https:\/\/hontoryu.hu\/?page_id=171"},"modified":"2025-08-11T21:59:02","modified_gmt":"2025-08-11T19:59:02","slug":"vizsga","status":"publish","type":"page","link":"https:\/\/hontoryu.hu\/index.php\/vizsga\/","title":{"rendered":"Vizsgaanyagok"},"content":{"rendered":"\n<h2 class=\"wp-block-heading\">Dokumentumok<\/h2>\n\n\n\n<div class=\"wp-block-file\" style=\"padding-top:0;padding-right:var(--wp--preset--spacing--50);padding-bottom:0;padding-left:var(--wp--preset--spacing--50)\"><a id=\"wp-block-file--media-77930669-ee14-4341-b7a4-baa868645471\" href=\"https:\/\/hontoryu.hu\/wp-content\/uploads\/2025\/06\/DAN-vizsga-jelentkezesi-lap.docx\" target=\"_blank\" rel=\"noreferrer noopener\">DAN vizsga jelentkez\u00e9si lap<\/a><\/div>\n\n\n\n<div class=\"wp-block-file\" style=\"padding-top:0;padding-right:var(--wp--preset--spacing--50);padding-bottom:0;padding-left:var(--wp--preset--spacing--50)\"><a id=\"wp-block-file--media-08749669-e86a-4cdb-be6d-9eb7e1eada5d\" href=\"https:\/\/hontoryu.hu\/wp-content\/uploads\/2025\/06\/Dan-Regisztracio-kerelem-MKSZ.docx\" target=\"_blank\" rel=\"noreferrer noopener\">Dan-Regisztracio-kerelem-MKSZ<\/a><\/div>\n\n\n\n<h2 class=\"wp-block-heading\">DAN vizsga operat\u00edv menete<\/h2>\n\n\n\n<ol style=\"list-style-type:upper-roman\" class=\"wp-block-list\">\n<li>Jelentkez\u00e9si lap bead\u00e1sa legk\u00e9s\u0151bb a vizsga napja el\u0151tt 1 h\u00e9ttel<\/li>\n\n\n\n<li>D\u00edjbek\u00e9r\u0151 ki\u00e1ll\u00edt\u00e1sa jelentkez\u00e9si lap alapj\u00e1n<\/li>\n\n\n\n<li>Befizet\u00e9s a d\u00edjbek\u00e9r\u0151 alapj\u00e1n a vizsg\u00e1t megel\u0151z\u0151 napig<\/li>\n\n\n\n<li>Edz\u0151i aj\u00e1nl\u00e1s beny\u00fajt\u00e1sa a vizsg\u00e1t megel\u0151z\u0151 napig<\/li>\n<\/ol>\n\n\n\n<h3 class=\"wp-block-heading\">VIZSGA NAPJA<\/h3>\n\n\n\n<ul class=\"wp-block-list\">\n<li>Dokumentumok, Budo pass \u00e9s befizet\u00e9s ellen\u0151rz\u00e9se<\/li>\n\n\n\n<li>Felel\u0151ss\u00e9g nyilatkozat al\u00e1\u00edr\u00e1sa<\/li>\n\n\n\n<li>Vizsga lebonyol\u00edt\u00e1sa<\/li>\n\n\n\n<li>DAN diploma ki\u00e1ll\u00edt\u00e1sa sikeres vizsga eset\u00e9n<\/li>\n\n\n\n<li>\u00dajravizsg\u00e1ztat\u00e1si&nbsp; lap kiad\u00e1sa buk\u00e1s vagy vizsgaism\u00e9teltet\u00e9s eset\u00e9n<\/li>\n\n\n\n<li>MKSZ DAN fokozat bejelent\u00e9si \u00edv kit\u00f6lt\u00e9se \u00e9s bek\u00fcld\u00e9se MKSZ r\u00e9sz\u00e9re<\/li>\n\n\n\n<li>V\u00e9gsz\u00e1mla ki\u00e1ll\u00edt\u00e1sa<\/li>\n<\/ul>\n\n\n\n<p><\/p>\n\n\n\n<p><\/p>\n\n\n\n<h3 class=\"wp-block-heading\">Az edz\u0151i aj\u00e1nl\u00e1s minim\u00e1lis tartalmi k\u00f6vetelm\u00e9nye:<\/h3>\n\n\n\n<ul start=\"1\" class=\"wp-block-list\">\n<li>Karate \u00f6n\u00e9letrajz, eddigi el\u00e9rt \u00f6vfokozatok, versenyeredm\u00e9nyek, stb.<\/li>\n\n\n\n<li>5 mondatos motiv\u00e1ci\u00f3s lev\u00e9l.<\/li>\n\n\n\n<li>F\u00e9nyk\u00e9p a vizsg\u00e1z\u00f3r\u00f3l.<\/li>\n\n\n\n<li>A vizsg\u00e1z\u00f3 mester\u00e9nek al\u00e1\u00edr\u00e1sa \u00e9s 2-3 mondatos aj\u00e1nl\u00e1sa.<\/li>\n<\/ul>\n\n\n\n<p>Vizsgajelentkez\u00e9s: <a href=\"mailto:karate.hontoryu@gmail.com\" data-type=\"mailto\" data-id=\"mailto:karate.hontoryu@gmail.com\">karate.hontoryu@gmail.com<\/a><\/p>\n","protected":false},"excerpt":{"rendered":"<p>Dokumentumok DAN vizsga operat\u00edv menete VIZSGA NAPJA Az edz\u0151i aj\u00e1nl\u00e1s minim\u00e1lis tartalmi k\u00f6vetelm\u00e9nye: Vizsgajelentkez\u00e9s: karate.hontoryu@gmail.com<\/p>\n","protected":false},"author":1,"featured_media":0,"parent":0,"menu_order":0,"comment_status":"closed","ping_status":"closed","template":"","meta":{"footnotes":""},"class_list":["post-171","page","type-page","status-publish","hentry"],"_links":{"self":[{"href":"https:\/\/hontoryu.hu\/index.php\/wp-json\/wp\/v2\/pages\/171","targetHints":{"allow":["GET"]}}],"collection":[{"href":"https:\/\/hontoryu.hu\/index.php\/wp-json\/wp\/v2\/pages"}],"about":[{"href":"https:\/\/hontoryu.hu\/index.php\/wp-json\/wp\/v2\/types\/page"}],"author":[{"embeddable":true,"href":"https:\/\/hontoryu.hu\/index.php\/wp-json\/wp\/v2\/users\/1"}],"replies":[{"embeddable":true,"href":"https:\/\/hontoryu.hu\/index.php\/wp-json\/wp\/v2\/comments?post=171"}],"version-history":[{"count":15,"href":"https:\/\/hontoryu.hu\/index.php\/wp-json\/wp\/v2\/pages\/171\/revisions"}],"predecessor-version":[{"id":228,"href":"https:\/\/hontoryu.hu\/index.php\/wp-json\/wp\/v2\/pages\/171\/revisions\/228"}],"wp:attachment":[{"href":"https:\/\/hontoryu.hu\/index.php\/wp-json\/wp\/v2\/media?parent=171"}],"curies":[{"name":"wp","href":"https:\/\/api.w.org\/{rel}","templated":true}]}}