{"id":8,"date":"2025-03-24T00:57:47","date_gmt":"2025-03-24T00:57:47","guid":{"rendered":"https:\/\/hontoryu.hu\/?page_id=8"},"modified":"2025-08-11T22:05:48","modified_gmt":"2025-08-11T20:05:48","slug":"rolunk","status":"publish","type":"page","link":"https:\/\/hontoryu.hu\/index.php\/rolunk\/","title":{"rendered":"R\u00f3lunk"},"content":{"rendered":"\n<h2 class=\"wp-block-heading has-text-align-center\">T\u00f6rt\u00e9net<\/h2>\n\n\n\n<p class=\"has-text-align-center paragraph-mod\">A Honto-ryu egy modern karate iskola, amelynek nagyon fontos r\u00e9sze a tradicion\u00e1lis karate. Nyugodt l\u00e9lekkel mondhatjuk, hogy ez egy tov\u00e1bbfejlesztett harcm\u0171v\u00e9szet. A tradicion\u00e1lis (nahate) r\u00e9szt v\u00e1ltozatlanul, \u0151si mivoltj\u00e1ban alkalmazza (mint ahogy napjainkban az okinawai goju-ryu is), amelynek legfontosabb jellemz\u0151i a l\u00e1gy mozdulatok \u00e9s a nagy erej\u0171 \u00fct\u00e9sek. A moderniz\u00e1ci\u00f3val, a vil\u00e1g fejl\u0151d\u00e9s\u00e9vel egyetemben a karate is \u00e1talakult. M\u00e1r nem csup\u00e1n \u00f6nv\u00e9delem, harcm\u0171v\u00e9szet, hanem a modern vil\u00e1g elv\u00e1r\u00e1sainak megfelel\u0151 sport\u00e1gg\u00e1 alakult \u00e1t. Ez\u00e9rt a tradicion\u00e1lis karate \u00f6nmag\u00e1ban m\u00e1r nem elegend\u0151, hanem sz\u0171ks\u00e9ges a technikai reperto\u00e1r kib\u0151v\u00edt\u00e9se \u00e9s a fejl\u0151d\u00e9shez n\u00e9lk\u00fcl\u00f6zhetetlen m\u00e1s faktorok (dob\u00e1sok, k\u00fcl\u00f6nb\u00f6z\u0151 l\u00e1bs\u00f6pr\u00e9sek, l\u00e1btechnik\u00e1k, elmozg\u00e1sok, a test er\u0151s\u00edt\u00e9se l\u00e9gz\u00e9stechnik\u00e1val (wutang) \u00e9s a modem gimnasztika elemei) felhaszn\u00e1l\u00e1sa. Mivel a Honto-ryu ezeket az elemeket tartalmazza \u00e9s alkalmazza elmondhatjuk, hogy ez egy magasan fejlett karate iskola.<\/p>\n\n\n\n<h2 class=\"wp-block-heading has-text-align-center\">Alap\u00edt\u00f3nk<\/h2>\n\n\n\n<p class=\"has-text-align-center paragraph-mod\">H\u00f6ning Miran Buda<\/p>\n\n\n\n<p><\/p>\n","protected":false},"excerpt":{"rendered":"<p>T\u00f6rt\u00e9net A Honto-ryu egy modern karate iskola, amelynek nagyon fontos r\u00e9sze a tradicion\u00e1lis karate. Nyugodt l\u00e9lekkel mondhatjuk, hogy ez egy tov\u00e1bbfejlesztett harcm\u0171v\u00e9szet. A tradicion\u00e1lis (nahate) r\u00e9szt v\u00e1ltozatlanul, \u0151si mivoltj\u00e1ban alkalmazza (mint ahogy napjainkban az okinawai goju-ryu is), amelynek legfontosabb jellemz\u0151i a l\u00e1gy mozdulatok \u00e9s a nagy erej\u0171 \u00fct\u00e9sek. A moderniz\u00e1ci\u00f3val, a vil\u00e1g fejl\u0151d\u00e9s\u00e9vel egyetemben a<\/p>\n","protected":false},"author":1,"featured_media":0,"parent":0,"menu_order":2,"comment_status":"closed","ping_status":"closed","template":"","meta":{"footnotes":""},"class_list":["post-8","page","type-page","status-publish","hentry"],"_links":{"self":[{"href":"https:\/\/hontoryu.hu\/index.php\/wp-json\/wp\/v2\/pages\/8","targetHints":{"allow":["GET"]}}],"collection":[{"href":"https:\/\/hontoryu.hu\/index.php\/wp-json\/wp\/v2\/pages"}],"about":[{"href":"https:\/\/hontoryu.hu\/index.php\/wp-json\/wp\/v2\/types\/page"}],"author":[{"embeddable":true,"href":"https:\/\/hontoryu.hu\/index.php\/wp-json\/wp\/v2\/users\/1"}],"replies":[{"embeddable":true,"href":"https:\/\/hontoryu.hu\/index.php\/wp-json\/wp\/v2\/comments?post=8"}],"version-history":[{"count":12,"href":"https:\/\/hontoryu.hu\/index.php\/wp-json\/wp\/v2\/pages\/8\/revisions"}],"predecessor-version":[{"id":230,"href":"https:\/\/hontoryu.hu\/index.php\/wp-json\/wp\/v2\/pages\/8\/revisions\/230"}],"wp:attachment":[{"href":"https:\/\/hontoryu.hu\/index.php\/wp-json\/wp\/v2\/media?parent=8"}],"curies":[{"name":"wp","href":"https:\/\/api.w.org\/{rel}","templated":true}]}}